


{"id":974,"date":"2024-09-10T09:25:45","date_gmt":"2024-09-10T07:25:45","guid":{"rendered":"https:\/\/przedszkole66.edu.wroclaw.pl\/?page_id=974"},"modified":"2025-02-27T12:39:46","modified_gmt":"2025-02-27T11:39:46","slug":"rejestry","status":"publish","type":"page","link":"https:\/\/przedszkole66.edu.wroclaw.pl\/index.php\/rejestry\/","title":{"rendered":"REJESTRY"},"content":{"rendered":"<div class=\"wpb-content-wrapper\"><p>[vc_row][vc_column][vc_column_text css=&#8221;&#8221;]<strong>Rejestr wniosk\u00f3w o udost\u0119pnianie informacji publicznej<\/strong><\/p>\n<p>W tym miejscu publikowany jest Rejestr wniosk\u00f3w o udost\u0119pnianie informacji publicznej (dalej ,,Rejestr IP\u201d), wp\u0142ywaj\u0105cych do Przedszkola nr 66 Bajkolandia we Wroc\u0142awiu od dnia 01.01.2020 r.<\/p>\n<p>Rejestr IP jest opublikowany w BIP, \u015bcie\u017cka dost\u0119pu https:\/\/p66bajkolandia.bip.gov.pl<\/p>\n<p>Rejestr zawiera wnioski o udost\u0119pnienie informacji publicznej, dla kt\u00f3rych za\u0142o\u017cono spraw\u0119 zgodnie\u00a0\u00a0\u00a0 \u00a0z obowi\u0105zuj\u0105cym prawem w zakresie podlegaj\u0105cym udost\u0119pnianiu jako informacja publiczna.<\/p>\n<p><a href=\"https:\/\/przedszkole66.edu.wroclaw.pl\/wp-content\/uploads\/sites\/48\/2024\/09\/Rejestr-IP-Przedszkola-nr-66-Bajkolandia-we-Wroclawiu.docx\">Rejestr IP Przedszkola nr 66 Bajkolandia we Wroc\u0142awiu<\/a><\/p>\n<p>***********************************************************************[\/vc_column_text][\/vc_column][\/vc_row][vc_row][vc_column][vc_column_text css=&#8221;&#8221;]<strong>Rejestr zawieranych um\u00f3w<\/strong><\/p>\n<p>W rejestrze Um\u00f3w publikowane s\u0105 informacje o zawartych przez Przedszkole nr 66 Bajkolandia we Wroc\u0142awiu zobowi\u0105zaniach tytu\u0142owanych ,, umowa\u201d i ,, aneks do umowy\u201d, podlegaj\u0105ce rejestracji w Centralnym Rejestrze Zobowi\u0105za\u0144.<\/p>\n<p>Kolejno\u015b\u0107 w Rejestrze poszczeg\u00f3lnych um\u00f3w wynika z kolejno\u015bci ich wprowadzania do zestawienia.<\/p>\n<p>Nie podlegaj\u0105 rejestracji w Rejestrze Um\u00f3w:<\/p>\n<ul>\n<li>Umowy zawierane przez Urz\u0105d Miasta Wroc\u0142awia, kt\u00f3rych Przedszkole nr66 jest odbiorc\u0105, w ramach tzw. Grup zakupowych;<\/li>\n<li>Zobowi\u0105zania umowne zwi\u0105zane z umowami zlecenia i umowami o dzie\u0142o;<\/li>\n<li>Umowy dotycz\u0105ce bie\u017c\u0105cego funkcjonowania Przedszkoli, tj. koszt\u00f3w podr\u00f3\u017cy s\u0142u\u017cbowych, szkole\u0144 i podnoszenia kwalifikacji, \u015brodk\u00f3w wyp\u0142acanych z Zak\u0142adowego Funduszu \u015awiadcze\u0144 Socjalnych;<\/li>\n<li>Umowy zwi\u0105zane ze stosunkiem pracy;<\/li>\n<li>Umowy dotacyjne;<\/li>\n<li>Umowy z organami administracji rz\u0105dowej;<\/li>\n<\/ul>\n<p>Udost\u0119pnianie tre\u015bci um\u00f3w wykazanych w Rejestrze Um\u00f3w odbywa si\u0119 na wniosek, zgodnie z ustaw\u0105 z dnia 6 wrze\u015bnia 2001 r. o dost\u0119pie do informacji publicznej.<\/p>\n<p>&nbsp;<\/p>\n<p>Rejestr um\u00f3w jest opublikowany w BIP, \u015bcie\u017cka dost\u0119pu https:\/\/p66bajkolandia.bip.gov.pl<\/p>\n<p><a href=\"https:\/\/przedszkole66.edu.wroclaw.pl\/wp-content\/uploads\/sites\/48\/2025\/02\/Rejestr-umow-rok-2025.docx\">Rejestr um\u00f3w rok 2025<\/a><\/p>\n<p><a href=\"https:\/\/przedszkole66.edu.wroclaw.pl\/wp-content\/uploads\/sites\/48\/2024\/09\/Rejestr-umow-od-01.01.2024-r.docx\">Rejestr um\u00f3w od 01.01.2024 r<\/a><\/p>\n<p><a href=\"https:\/\/przedszkole66.edu.wroclaw.pl\/wp-content\/uploads\/sites\/48\/2024\/09\/Rejestr-umow-IX-2024-do-31-VIII-2025-zywnosc.docx\">Rejestr um\u00f3w IX 2024 do 31 VIII 2025 \u017cywno\u015b\u0107<\/a><\/p>\n<p><a href=\"https:\/\/przedszkole66.edu.wroclaw.pl\/wp-content\/uploads\/sites\/48\/2024\/09\/Rejestr-umow-od-IX-2023-31-IX-2024-zywnosc.docx\">Rejestr um\u00f3w od IX 2023- 31 IX 2024 \u017cywno\u015b\u0107<\/a>[\/vc_column_text][\/vc_column][\/vc_row]<\/p>\n<\/div>","protected":false},"excerpt":{"rendered":"<p>[vc_row][vc_column][vc_column_text css=&#8221;&#8221;]Rejestr wniosk\u00f3w o udost\u0119pnianie informacji publicznej W tym miejscu publikowany jest Rejestr wniosk\u00f3w o udost\u0119pnianie informacji publicznej (dalej ,,Rejestr IP\u201d), wp\u0142ywaj\u0105cych do Przedszkola nr 66 Bajkolandia we Wroc\u0142awiu od [&hellip;]<\/p>\n","protected":false},"author":157,"featured_media":0,"parent":0,"menu_order":0,"comment_status":"closed","ping_status":"closed","template":"","meta":{"ngg_post_thumbnail":0,"footnotes":""},"class_list":["post-974","page","type-page","status-publish","hentry","clearfix"],"_links":{"self":[{"href":"https:\/\/przedszkole66.edu.wroclaw.pl\/index.php\/wp-json\/wp\/v2\/pages\/974","targetHints":{"allow":["GET"]}}],"collection":[{"href":"https:\/\/przedszkole66.edu.wroclaw.pl\/index.php\/wp-json\/wp\/v2\/pages"}],"about":[{"href":"https:\/\/przedszkole66.edu.wroclaw.pl\/index.php\/wp-json\/wp\/v2\/types\/page"}],"author":[{"embeddable":true,"href":"https:\/\/przedszkole66.edu.wroclaw.pl\/index.php\/wp-json\/wp\/v2\/users\/157"}],"replies":[{"embeddable":true,"href":"https:\/\/przedszkole66.edu.wroclaw.pl\/index.php\/wp-json\/wp\/v2\/comments?post=974"}],"version-history":[{"count":6,"href":"https:\/\/przedszkole66.edu.wroclaw.pl\/index.php\/wp-json\/wp\/v2\/pages\/974\/revisions"}],"predecessor-version":[{"id":1110,"href":"https:\/\/przedszkole66.edu.wroclaw.pl\/index.php\/wp-json\/wp\/v2\/pages\/974\/revisions\/1110"}],"wp:attachment":[{"href":"https:\/\/przedszkole66.edu.wroclaw.pl\/index.php\/wp-json\/wp\/v2\/media?parent=974"}],"curies":[{"name":"wp","href":"https:\/\/api.w.org\/{rel}","templated":true}]}}