


{"id":76,"date":"2020-11-05T09:00:48","date_gmt":"2020-11-05T08:00:48","guid":{"rendered":"https:\/\/przedszkole66.edu.wroclaw.pl\/?page_id=76"},"modified":"2024-09-10T09:15:12","modified_gmt":"2024-09-10T07:15:12","slug":"rodo","status":"publish","type":"page","link":"https:\/\/przedszkole66.edu.wroclaw.pl\/index.php\/rodo\/","title":{"rendered":"RODO"},"content":{"rendered":"<div class=\"wpb-content-wrapper\"><p>[vc_row][vc_column][vc_column_text css=&#8221;&#8221;]<\/p>\r\n<p>ZASADY PRZETWARZANIA DANYCH OSOBOWYCH &#8211; informacje w za\u0142\u0105cznikach<\/p>\r\n\r\n<p>Inspektor Ochrony Danych \u2013 Tomasz Grzybowski<\/p>\r\n\r\n<p>e-mail: <a href=\"mailto:inspektor@coreconsulting.pl\">inspektor@coreconsulting.pl<\/a><\/p>\r\n\r\n<p>dane adresowe: ul. Stary Rynek 80\/82, 61-772 Pozna\u0144<\/p>\r\n<p>\u00a0<\/p>\r\n<p><a href=\"https:\/\/przedszkole66.edu.wroclaw.pl\/wp-content\/uploads\/sites\/48\/2024\/09\/Zal.-7.-Klauzula-zlozenie-pisma-w-placowce.docx\">Za\u0142. 7. Klauzula &#8211; z\u0142o\u017cenie pisma w plac\u00f3wce<\/a><\/p>\r\n<p><a href=\"https:\/\/przedszkole66.edu.wroclaw.pl\/wp-content\/uploads\/sites\/48\/2024\/09\/Zal.-7b.-Klauzula-postepowanie-administracyjne.docx\">Za\u0142. 7b. Klauzula post\u0119powanie administracyjne<\/a><\/p>\r\n<p><a href=\"https:\/\/przedszkole66.edu.wroclaw.pl\/wp-content\/uploads\/sites\/48\/2024\/09\/Zal.-7c.-Klauzula-korespondencja-elektroniczna.docx\">Za\u0142. 7c. Klauzula &#8211; korespondencja elektroniczna<\/a><\/p>\r\n<p><a href=\"https:\/\/przedszkole66.edu.wroclaw.pl\/wp-content\/uploads\/sites\/48\/2024\/09\/Zal.-7e.-Klauzula-strona-www.docx\">Za\u0142. 7e. Klauzula &#8211; strona www<\/a><\/p>\r\n<p><a href=\"https:\/\/przedszkole66.edu.wroclaw.pl\/wp-content\/uploads\/sites\/48\/2024\/09\/Zal.-7f.-Klauzula-umowa.docx\">Za\u0142. 7f. Klauzula &#8211; umowa<\/a><\/p>\r\n<p><a href=\"https:\/\/przedszkole66.edu.wroclaw.pl\/wp-content\/uploads\/sites\/48\/2024\/09\/Zal.-7g.-Klauzula-zamowienia-publiczne.docx\">Za\u0142. 7g. Klauzula &#8211; zam\u00f3wienia publiczne<\/a><\/p>\r\n<p><a href=\"https:\/\/przedszkole66.edu.wroclaw.pl\/wp-content\/uploads\/sites\/48\/2024\/09\/Zal.-7h.-Klauzula-umowa-najmu.docx\">Za\u0142. 7h. Klauzula &#8211; umowa najmu<\/a><\/p>\r\n<p><a href=\"https:\/\/przedszkole66.edu.wroclaw.pl\/wp-content\/uploads\/sites\/48\/2024\/09\/Zal.-7j.-Kauzula-wolontariusz.docx\">Za\u0142. 7j. Kauzula &#8211; wolontariusz<\/a><\/p>\r\n<p><a href=\"https:\/\/przedszkole66.edu.wroclaw.pl\/wp-content\/uploads\/sites\/48\/2024\/09\/Zal.-7k.-Klauzula-rekrutacja-pracownika.docx\">Za\u0142. 7k. Klauzula &#8211; rekrutacja pracownika<\/a><\/p>\r\n<p><a href=\"https:\/\/przedszkole66.edu.wroclaw.pl\/wp-content\/uploads\/sites\/48\/2024\/09\/Zal.-7l.-Klauzula-pracownik-nauczyciel.docx\">Za\u0142. 7l. Klauzula &#8211; pracownik &#8211; nauczyciel<\/a><\/p>\r\n<p><a href=\"https:\/\/przedszkole66.edu.wroclaw.pl\/wp-content\/uploads\/sites\/48\/2024\/09\/Zal.-7m.-Klauzula-pracownik-samorzadowy.docx\">Za\u0142. 7m. Klauzula &#8211; pracownik samorz\u0105dowy<\/a><\/p>\r\n<p><a href=\"https:\/\/przedszkole66.edu.wroclaw.pl\/wp-content\/uploads\/sites\/48\/2024\/09\/Zal.-7n.-Klauzula-edukacja-dziecka-w-placowce.docx\">Za\u0142. 7n. Klauzula &#8211; edukacja dziecka w plac\u00f3wce<\/a><\/p>\r\n<p><a href=\"https:\/\/przedszkole66.edu.wroclaw.pl\/wp-content\/uploads\/sites\/48\/2024\/09\/Zal.-7p.-Klauzula-opiekun-wycieczki.docx\">Za\u0142. 7p. Klauzula &#8211; opiekun wycieczki<\/a><\/p>\r\n<p><a href=\"https:\/\/przedszkole66.edu.wroclaw.pl\/wp-content\/uploads\/sites\/48\/2024\/09\/Zal.-7r.-Klauzula-przyjecie-dziecka-w-ramach-dyzuru-wakacyjnego.docx\">Za\u0142. 7r. Klauzula &#8211; przyj\u0119cie dziecka w ramach dy\u017curu wakacyjnego<\/a><\/p>\r\n<p><a href=\"https:\/\/przedszkole66.edu.wroclaw.pl\/wp-content\/uploads\/sites\/48\/2024\/09\/Zal.-7s-Klauzula-praca-spolecznie-uzyteczna.docx\">Za\u0142. 7s Klauzula &#8211; praca spo\u0142ecznie u\u017cyteczna<\/a><\/p>\r\n<p><a href=\"https:\/\/przedszkole66.edu.wroclaw.pl\/wp-content\/uploads\/sites\/48\/2024\/09\/Zal.-7u.-Klauzula-praktykanci.docx\">Za\u0142. 7u. Klauzula praktykanci<\/a><\/p>\r\n<p><a href=\"https:\/\/przedszkole66.edu.wroclaw.pl\/wp-content\/uploads\/sites\/48\/2024\/09\/Zal.-7x.-Klauzula-dla-osob-upowaznionych-do-odbioru-dziecka-z-przedszkola.docx\">Za\u0142. 7x. Klauzula &#8211; dla os\u00f3b upowa\u017cnionych do odbioru dziecka z przedszkola<\/a><\/p>\r\n<p><a href=\"https:\/\/przedszkole66.edu.wroclaw.pl\/wp-content\/uploads\/sites\/48\/2024\/09\/Zal.-8b-zgoda-na-utrwalanie-i-udostepnianie-wizerunku.docx\">Za\u0142. 8b &#8211; zgoda na utrwalanie i udost\u0119pnianie wizerunku<\/a><\/p>\r\n<p>[\/vc_column_text][\/vc_column][\/vc_row]<\/p><\/div>","protected":false},"excerpt":{"rendered":"<p>[vc_row][vc_column][vc_column_text css=&#8221;&#8221;] ZASADY PRZETWARZANIA DANYCH OSOBOWYCH &#8211; informacje w za\u0142\u0105cznikach Inspektor Ochrony Danych \u2013 Tomasz Grzybowski e-mail: inspektor@coreconsulting.pl dane adresowe: ul. Stary Rynek 80\/82, 61-772 Pozna\u0144 \u00a0 Za\u0142. 7. Klauzula [&hellip;]<\/p>\n","protected":false},"author":15,"featured_media":0,"parent":0,"menu_order":0,"comment_status":"closed","ping_status":"closed","template":"","meta":{"ngg_post_thumbnail":0,"footnotes":""},"class_list":["post-76","page","type-page","status-publish","hentry","clearfix"],"_links":{"self":[{"href":"https:\/\/przedszkole66.edu.wroclaw.pl\/index.php\/wp-json\/wp\/v2\/pages\/76","targetHints":{"allow":["GET"]}}],"collection":[{"href":"https:\/\/przedszkole66.edu.wroclaw.pl\/index.php\/wp-json\/wp\/v2\/pages"}],"about":[{"href":"https:\/\/przedszkole66.edu.wroclaw.pl\/index.php\/wp-json\/wp\/v2\/types\/page"}],"author":[{"embeddable":true,"href":"https:\/\/przedszkole66.edu.wroclaw.pl\/index.php\/wp-json\/wp\/v2\/users\/15"}],"replies":[{"embeddable":true,"href":"https:\/\/przedszkole66.edu.wroclaw.pl\/index.php\/wp-json\/wp\/v2\/comments?post=76"}],"version-history":[{"count":16,"href":"https:\/\/przedszkole66.edu.wroclaw.pl\/index.php\/wp-json\/wp\/v2\/pages\/76\/revisions"}],"predecessor-version":[{"id":973,"href":"https:\/\/przedszkole66.edu.wroclaw.pl\/index.php\/wp-json\/wp\/v2\/pages\/76\/revisions\/973"}],"wp:attachment":[{"href":"https:\/\/przedszkole66.edu.wroclaw.pl\/index.php\/wp-json\/wp\/v2\/media?parent=76"}],"curies":[{"name":"wp","href":"https:\/\/api.w.org\/{rel}","templated":true}]}}