


{"id":322,"date":"2021-06-15T14:14:54","date_gmt":"2021-06-15T12:14:54","guid":{"rendered":"https:\/\/przedszkole66.edu.wroclaw.pl\/?page_id=322"},"modified":"2026-02-23T12:43:55","modified_gmt":"2026-02-23T11:43:55","slug":"zamowienia-publiczne","status":"publish","type":"page","link":"https:\/\/przedszkole66.edu.wroclaw.pl\/index.php\/zamowienia-publiczne\/","title":{"rendered":"Zam\u00f3wienia publiczne"},"content":{"rendered":"<div class=\"wpb-content-wrapper\"><p>[vc_row][vc_column][vc_column_text css=&#8221;&#8221;]KSeF- wystawianie faktur &#8211;\u00a0<a href=\"https:\/\/przedszkole66.edu.wroclaw.pl\/wp-content\/uploads\/sites\/48\/2026\/02\/KSeF-faktury.pdf\">KSeF- faktury<\/a><\/p>\n<p>&nbsp;<\/p>\n<p>Plan udzielenia zam\u00f3wie\u0144 publicznych na 2025 rok.<\/p>\n<p><a href=\"https:\/\/przedszkole66.edu.wroclaw.pl\/wp-content\/uploads\/sites\/48\/2025\/01\/2025_BZP-00023316_01_P.pdf\">2025_BZP 00023316_01_P<\/a><\/p>\n<p>WYB\u00d3R DOSTAWC\u00d3W ARTYKU\u0141\u00d3W SPO\u017bYWCZYCH NA RZECZ PRZEDSZKOLA NR 66 WE WROC\u0141AWIU<\/p>\n<ol>\n<li>Og\u0142oszenie o zam\u00f3wieniu\u00a0 <a href=\"https:\/\/przedszkole66.edu.wroclaw.pl\/wp-content\/uploads\/sites\/48\/2021\/08\/ogloszenie-o-zamowieniu.pdf\">ogloszenie o zamowieniu (pdf 190KB)<\/a><\/li>\n<li>Specyfikacja Warunk\u00f3w Zam\u00f3wienia <a href=\"https:\/\/przedszkole66.edu.wroclaw.pl\/wp-content\/uploads\/sites\/48\/2021\/08\/SWZ-P66-2021.pdf\">SWZ &#8211; P66-2021 (pdf 1MB)<\/a><\/li>\n<li>Edytowalna wersja za\u0142\u0105cznika nr 2 do SWZ <a href=\"https:\/\/przedszkole66.edu.wroclaw.pl\/wp-content\/uploads\/sites\/48\/2021\/08\/ZALACZNIK-NR-2-DO-SWZ.docx\">ZA\u0141\u0104CZNIK NR 2 DO SWZ (docx 18KB)<\/a><\/li>\n<li>Edytowalna wersja za\u0142\u0105cznika nr 3 do SWZ <a href=\"https:\/\/przedszkole66.edu.wroclaw.pl\/wp-content\/uploads\/sites\/48\/2021\/08\/ZALACZNIK-NR-3-DO-SWZ.docx\">ZA\u0141\u0104CZNIK NR 3 DO SWZ (docx 19KB)<\/a><\/li>\n<li>Formularz cenowy <a href=\"https:\/\/przedszkole66.edu.wroclaw.pl\/wp-content\/uploads\/sites\/48\/2021\/08\/Formularz-cenowy.xlsx\">Formularz cenowy (xlsx 54KB)<\/a><\/li>\n<\/ol>\n<p>&nbsp;<\/p>\n<p><strong>Uwaga!!!<\/strong><\/p>\n<p>Zmiana tre\u015bci SWZ <a href=\"https:\/\/przedszkole66.edu.wroclaw.pl\/wp-content\/uploads\/sites\/48\/2021\/08\/doc00548120210825085945.pdf\">otw\u00f3rz (pdf 132KB)<\/a><\/p>\n<p>Informacja o kwocie jak\u0105 zamawiaj\u0105cy zamierza przeznaczy\u0107 na realizacj\u0119 zam\u00f3wienia <a href=\"https:\/\/przedszkole66.edu.wroclaw.pl\/wp-content\/uploads\/sites\/48\/2021\/08\/Otworz.pdf\">Otw\u00f3rz<\/a><\/p>\n<p>Informacja w trybie art. 222, ust 5 ustawy PZP <a href=\"https:\/\/przedszkole66.edu.wroclaw.pl\/wp-content\/uploads\/sites\/48\/2021\/08\/OTWORZ-PDF-533KB.pdf\">OTW\u00d3RZ (PDF 533KB)<\/a>[\/vc_column_text][\/vc_column][\/vc_row][vc_row][vc_column][vc_column_text]<a href=\"https:\/\/przedszkole66.edu.wroclaw.pl\/wp-content\/uploads\/sites\/48\/2021\/09\/Rozstrzygniecie-postepowania.pdf\">Rozstrzygniecie post\u0119powania (pdf 1MB)<\/a>[\/vc_column_text][\/vc_column][\/vc_row]<\/p>\n<\/div>","protected":false},"excerpt":{"rendered":"<p>[vc_row][vc_column][vc_column_text css=&#8221;&#8221;]KSeF- wystawianie faktur &#8211;\u00a0KSeF- faktury &nbsp; Plan udzielenia zam\u00f3wie\u0144 publicznych na 2025 rok. 2025_BZP 00023316_01_P WYB\u00d3R DOSTAWC\u00d3W ARTYKU\u0141\u00d3W SPO\u017bYWCZYCH NA RZECZ PRZEDSZKOLA NR 66 WE WROC\u0141AWIU Og\u0142oszenie o zam\u00f3wieniu\u00a0 [&hellip;]<\/p>\n","protected":false},"author":157,"featured_media":0,"parent":0,"menu_order":0,"comment_status":"closed","ping_status":"closed","template":"","meta":{"ngg_post_thumbnail":0,"footnotes":""},"class_list":["post-322","page","type-page","status-publish","hentry","clearfix"],"_links":{"self":[{"href":"https:\/\/przedszkole66.edu.wroclaw.pl\/index.php\/wp-json\/wp\/v2\/pages\/322","targetHints":{"allow":["GET"]}}],"collection":[{"href":"https:\/\/przedszkole66.edu.wroclaw.pl\/index.php\/wp-json\/wp\/v2\/pages"}],"about":[{"href":"https:\/\/przedszkole66.edu.wroclaw.pl\/index.php\/wp-json\/wp\/v2\/types\/page"}],"author":[{"embeddable":true,"href":"https:\/\/przedszkole66.edu.wroclaw.pl\/index.php\/wp-json\/wp\/v2\/users\/157"}],"replies":[{"embeddable":true,"href":"https:\/\/przedszkole66.edu.wroclaw.pl\/index.php\/wp-json\/wp\/v2\/comments?post=322"}],"version-history":[{"count":13,"href":"https:\/\/przedszkole66.edu.wroclaw.pl\/index.php\/wp-json\/wp\/v2\/pages\/322\/revisions"}],"predecessor-version":[{"id":1349,"href":"https:\/\/przedszkole66.edu.wroclaw.pl\/index.php\/wp-json\/wp\/v2\/pages\/322\/revisions\/1349"}],"wp:attachment":[{"href":"https:\/\/przedszkole66.edu.wroclaw.pl\/index.php\/wp-json\/wp\/v2\/media?parent=322"}],"curies":[{"name":"wp","href":"https:\/\/api.w.org\/{rel}","templated":true}]}}