


{"id":154,"date":"2020-12-14T12:45:53","date_gmt":"2020-12-14T11:45:53","guid":{"rendered":"https:\/\/przedszkole66.edu.wroclaw.pl\/?page_id=154"},"modified":"2026-03-20T08:56:01","modified_gmt":"2026-03-20T07:56:01","slug":"grupy","status":"publish","type":"page","link":"https:\/\/przedszkole66.edu.wroclaw.pl\/index.php\/grupy\/","title":{"rendered":"Grupy"},"content":{"rendered":"<div class=\"wpb-content-wrapper\"><p>[vc_row][vc_column width=&#8221;1\/3&#8243;][vc_column_text css=&#8221;&#8221;]<\/p>\n<p style=\"text-align: center\"><img loading=\"lazy\" decoding=\"async\" class=\"size-full wp-image-234 aligncenter\" src=\"https:\/\/przedszkole66.edu.wroclaw.pl\/wp-content\/uploads\/sites\/48\/2021\/03\/skrzaty.png\" alt=\"ikona grupy - Krasnale\" width=\"150\" height=\"150\" \/><\/p>\n<div style=\"text-align: center\"><b>KRASNALE<\/b><\/div>\n<div style=\"text-align: center\"><b>7.30- 15.30<\/b><\/div>\n<div>\n<div style=\"text-align: center\">Nauczyciele: Anna Salamon, Anna Sobczak<\/div>\n<div style=\"text-align: center\">Pomoc nauczyciela; Joanna Miko\u0142ajczyk, Joanna Drapa\u0142a<\/div>\n<div style=\"text-align: center\">Pomoc techniczna: Gabriela Przygoda<\/div>\n<div><\/div>\n<\/div>\n<div style=\"text-align: center\"><strong>Po godzinie 15.30 dzieci bawi\u0105 si\u0119 w grupie II S\u0142oneczka<\/strong><\/div>\n<div><\/div>\n<p>[\/vc_column_text][\/vc_column][vc_column width=&#8221;1\/3&#8243;][vc_column_text css=&#8221;&#8221;]<\/p>\n<p style=\"text-align: center\"><img loading=\"lazy\" decoding=\"async\" class=\"size-full wp-image-236 aligncenter\" src=\"https:\/\/przedszkole66.edu.wroclaw.pl\/wp-content\/uploads\/sites\/48\/2021\/03\/sloneczka.png\" alt=\"ikona grupy - s\u0142onka\" width=\"150\" height=\"150\" \/><\/p>\n<div style=\"text-align: center\"><b>S\u0141ONECZKA<\/b><\/div>\n<div style=\"text-align: center\"><b>7.30- 17.30<\/b><\/div>\n<div style=\"text-align: center\"><strong>Grupa zbiorcza, zamykaj\u0105ca do godziny 17.30<\/strong><\/div>\n<div style=\"text-align: center\">Nauczyciele: Maciej Senderowski, Marta Sikorska<\/div>\n<div style=\"text-align: center\"><\/div>\n<div style=\"text-align: center\">Pomoc nauczyciela; Katarzyna Belczyk, Izabela Borowska<\/div>\n<div style=\"text-align: center\">Pomoc techniczna: Agnieszka Domaga\u0142a<\/div>\n<p>[\/vc_column_text][\/vc_column][vc_column width=&#8221;1\/3&#8243;][vc_column_text css=&#8221;&#8221;]<img loading=\"lazy\" decoding=\"async\" class=\"size-full wp-image-237 aligncenter\" src=\"https:\/\/przedszkole66.edu.wroclaw.pl\/wp-content\/uploads\/sites\/48\/2021\/03\/biedronki.png\" alt=\"ikona grupy - biedronki\" width=\"150\" height=\"150\" \/><\/p>\n<div style=\"text-align: center\"><b>BIEDRONKI<\/b><\/div>\n<div style=\"text-align: center\"><b>7.30-15.30<\/b><\/div>\n<div style=\"text-align: center\">Nauczyciele: El\u017cbieta Wr\u00f3blewska, Olga Antoszczuk<\/div>\n<div style=\"text-align: center\"><\/div>\n<div style=\"text-align: center\"><\/div>\n<div style=\"text-align: center\">Pedagog specjalny\/ nauczyciel wspomagaj\u0105cy: Monika Szyd\u0142owska<\/div>\n<div style=\"text-align: center\">Pomoc nauczyciela: Olga Antoszczuk, Anna Szczepanik<\/div>\n<div style=\"text-align: center\">Pomoc techniczna: Anna Frank\u00f3w<\/div>\n<div><\/div>\n<div style=\"text-align: center\"><strong>Po godzinie 15.30 dzieci bawi\u0105 si\u0119 w grupie IV \u017babki<\/strong><\/div>\n<p>[\/vc_column_text][\/vc_column][\/vc_row][vc_row][vc_column width=&#8221;1\/2&#8243;][vc_column_text css=&#8221;&#8221;]<\/p>\n<p style=\"text-align: center\"><img loading=\"lazy\" decoding=\"async\" class=\"size-full wp-image-233 aligncenter\" src=\"https:\/\/przedszkole66.edu.wroclaw.pl\/wp-content\/uploads\/sites\/48\/2021\/03\/zabki.png\" alt=\"ikona grupy - \u017cabki\" width=\"150\" height=\"150\" \/><\/p>\n<div style=\"text-align: center\"><b>\u017bABKI<\/b><\/div>\n<div style=\"text-align: center\"><b>6.30-16.30<\/b><\/div>\n<div style=\"text-align: center\"><strong>Grupa zbiorcza otwieraj\u0105ca o godzinie 6.30<\/strong><\/div>\n<div style=\"text-align: center\">Nauczyciele: Joanna D\u0105bek, Ma\u0142gorzata Mas\u0142owska<\/div>\n<div style=\"text-align: center\">Pomoc nauczyciela: Ma\u0142gorzata Kawczy\u0144ska, Emilia Drelichowska<\/div>\n<div style=\"text-align: center\">Pomoc techniczna: Ma\u0142gorzata Kukowska,<\/div>\n<div><\/div>\n<div style=\"text-align: center\"><strong>Po godzinie 16.30 dzieci bawi\u0105 si\u0119 w grupie II S\u0142oneczka<\/strong><\/div>\n<p>[\/vc_column_text][\/vc_column][vc_column width=&#8221;1\/2&#8243;][vc_column_text css=&#8221;&#8221;]<\/p>\n<p style=\"text-align: center\"><img loading=\"lazy\" decoding=\"async\" class=\"size-full wp-image-235 aligncenter\" src=\"https:\/\/przedszkole66.edu.wroclaw.pl\/wp-content\/uploads\/sites\/48\/2021\/03\/wiewiorki.png\" alt=\"ikona grupy - wiewi\u00f3rki\" width=\"150\" height=\"150\" \/><\/p>\n<div style=\"text-align: center\"><b>WIEWI\u00d3RKI<\/b><\/div>\n<div>\n<div style=\"text-align: center\"><b>7.00-16.00<\/b><\/div>\n<div style=\"text-align: center\">Nauczyciele: Irena G\u0119bka, Barbara Tomczyk<\/div>\n<div style=\"text-align: center\">Nauczyciel wspomagaj\u0105cy: Paulina Tr\u00f3lka- Paw\u0142uszko<\/div>\n<div style=\"text-align: center\">Pomoc nauczyciela: Agnieszka Labi\u015b<\/div>\n<div style=\"text-align: center\">Pomoc techniczna: El\u017cbieta Jab\u0142o\u0144ska<\/div>\n<div><\/div>\n<\/div>\n<div style=\"text-align: center\"><strong>Po godzinie 16.00 dzieci bawi\u0105 si\u0119 w grupie IV \u017babki<\/strong><\/div>\n<p>[\/vc_column_text][\/vc_column][\/vc_row]<\/p>\n<\/div>","protected":false},"excerpt":{"rendered":"<p>[vc_row][vc_column width=&#8221;1\/3&#8243;][vc_column_text css=&#8221;&#8221;] KRASNALE 7.30- 15.30 Nauczyciele: Anna Salamon, Anna Sobczak Pomoc nauczyciela; Joanna Miko\u0142ajczyk, Joanna Drapa\u0142a Pomoc techniczna: Gabriela Przygoda Po godzinie 15.30 dzieci bawi\u0105 si\u0119 w grupie II [&hellip;]<\/p>\n","protected":false},"author":157,"featured_media":0,"parent":0,"menu_order":0,"comment_status":"closed","ping_status":"closed","template":"","meta":{"ngg_post_thumbnail":0,"footnotes":""},"class_list":["post-154","page","type-page","status-publish","hentry","clearfix"],"_links":{"self":[{"href":"https:\/\/przedszkole66.edu.wroclaw.pl\/index.php\/wp-json\/wp\/v2\/pages\/154","targetHints":{"allow":["GET"]}}],"collection":[{"href":"https:\/\/przedszkole66.edu.wroclaw.pl\/index.php\/wp-json\/wp\/v2\/pages"}],"about":[{"href":"https:\/\/przedszkole66.edu.wroclaw.pl\/index.php\/wp-json\/wp\/v2\/types\/page"}],"author":[{"embeddable":true,"href":"https:\/\/przedszkole66.edu.wroclaw.pl\/index.php\/wp-json\/wp\/v2\/users\/157"}],"replies":[{"embeddable":true,"href":"https:\/\/przedszkole66.edu.wroclaw.pl\/index.php\/wp-json\/wp\/v2\/comments?post=154"}],"version-history":[{"count":31,"href":"https:\/\/przedszkole66.edu.wroclaw.pl\/index.php\/wp-json\/wp\/v2\/pages\/154\/revisions"}],"predecessor-version":[{"id":1359,"href":"https:\/\/przedszkole66.edu.wroclaw.pl\/index.php\/wp-json\/wp\/v2\/pages\/154\/revisions\/1359"}],"wp:attachment":[{"href":"https:\/\/przedszkole66.edu.wroclaw.pl\/index.php\/wp-json\/wp\/v2\/media?parent=154"}],"curies":[{"name":"wp","href":"https:\/\/api.w.org\/{rel}","templated":true}]}}